{"id":4893,"date":"2023-07-01T05:49:22","date_gmt":"2023-07-01T06:19:22","guid":{"rendered":"https:\/\/groupolmedo.com\/wordpress\/?post_type=product&#038;p=4893"},"modified":"2023-07-18T22:55:25","modified_gmt":"2023-07-19T04:55:25","slug":"castrol-crb-plus-15w40-cuarto","status":"publish","type":"product","link":"https:\/\/groupolmedo.com\/wordpress\/shop\/lubricantes\/castrol-crb-plus-15w40-cuarto\/","title":{"rendered":"Castrol CRB Plus 15w40 cuarto"},"content":{"rendered":"<p>Recomendado por Castrol para su uso en motores di\u00e9sel de aspiraci\u00f3n natural y turbocargados de camiones, tractores, omnibuses, veh\u00edculos comerciales ligeros y veh\u00edculos fuera de carretera<\/p>\n","protected":false},"excerpt":{"rendered":"<p>Recomendado por Castrol para su uso en motores di\u00e9sel de aspiraci\u00f3n natural y turbocargados de camiones, tractores, omnibuses, veh\u00edculos comerciales&#8230;<\/p>\n","protected":false},"featured_media":6317,"template":"","meta":[],"product_cat":[449],"product_tag":[],"_links":{"self":[{"href":"https:\/\/groupolmedo.com\/wordpress\/wp-json\/wp\/v2\/product\/4893"}],"collection":[{"href":"https:\/\/groupolmedo.com\/wordpress\/wp-json\/wp\/v2\/product"}],"about":[{"href":"https:\/\/groupolmedo.com\/wordpress\/wp-json\/wp\/v2\/types\/product"}],"version-history":[{"count":2,"href":"https:\/\/groupolmedo.com\/wordpress\/wp-json\/wp\/v2\/product\/4893\/revisions"}],"predecessor-version":[{"id":6421,"href":"https:\/\/groupolmedo.com\/wordpress\/wp-json\/wp\/v2\/product\/4893\/revisions\/6421"}],"wp:featuredmedia":[{"embeddable":true,"href":"https:\/\/groupolmedo.com\/wordpress\/wp-json\/wp\/v2\/media\/6317"}],"wp:attachment":[{"href":"https:\/\/groupolmedo.com\/wordpress\/wp-json\/wp\/v2\/media?parent=4893"}],"wp:term":[{"taxonomy":"product_cat","embeddable":true,"href":"https:\/\/groupolmedo.com\/wordpress\/wp-json\/wp\/v2\/product_cat?post=4893"},{"taxonomy":"product_tag","embeddable":true,"href":"https:\/\/groupolmedo.com\/wordpress\/wp-json\/wp\/v2\/product_tag?post=4893"}],"curies":[{"name":"wp","href":"https:\/\/api.w.org\/{rel}","templated":true}]}}