{"id":5196,"date":"2023-07-01T11:48:45","date_gmt":"2023-07-01T17:48:45","guid":{"rendered":"https:\/\/groupolmedo.com\/wordpress\/?post_type=product&#038;p=5196"},"modified":"2023-07-18T22:55:32","modified_gmt":"2023-07-19T04:55:32","slug":"gulf-super-fleet-le2-15w40-quinto","status":"publish","type":"product","link":"https:\/\/groupolmedo.com\/wordpress\/shop\/lubricantes\/gulf-super-fleet-le2-15w40-quinto\/","title":{"rendered":"Gulf Super Fleet LE2 15W40 Quinto"},"content":{"rendered":"<p>Lubricante para motor di\u00e9sel de muy alto rendimiento para su uso en todos los motores di\u00e9sel modernos de baja emisi\u00f3n turboalimentados y de aspiraci\u00f3n natural, que cumplen con las normas de emisiones Euro 3 y Euro 2.<\/p>\n","protected":false},"excerpt":{"rendered":"<p>Lubricante para motor di\u00e9sel de muy alto rendimiento para su uso en todos los motores di\u00e9sel modernos de baja emisi\u00f3n turboalimentados y de aspiraci\u00f3n natural, que cumplen con las normas de emisiones Euro 3 y Euro 2.<\/p>\n","protected":false},"featured_media":4258,"template":"","meta":[],"product_cat":[449],"product_tag":[],"_links":{"self":[{"href":"https:\/\/groupolmedo.com\/wordpress\/wp-json\/wp\/v2\/product\/5196"}],"collection":[{"href":"https:\/\/groupolmedo.com\/wordpress\/wp-json\/wp\/v2\/product"}],"about":[{"href":"https:\/\/groupolmedo.com\/wordpress\/wp-json\/wp\/v2\/types\/product"}],"version-history":[{"count":1,"href":"https:\/\/groupolmedo.com\/wordpress\/wp-json\/wp\/v2\/product\/5196\/revisions"}],"predecessor-version":[{"id":5226,"href":"https:\/\/groupolmedo.com\/wordpress\/wp-json\/wp\/v2\/product\/5196\/revisions\/5226"}],"wp:featuredmedia":[{"embeddable":true,"href":"https:\/\/groupolmedo.com\/wordpress\/wp-json\/wp\/v2\/media\/4258"}],"wp:attachment":[{"href":"https:\/\/groupolmedo.com\/wordpress\/wp-json\/wp\/v2\/media?parent=5196"}],"wp:term":[{"taxonomy":"product_cat","embeddable":true,"href":"https:\/\/groupolmedo.com\/wordpress\/wp-json\/wp\/v2\/product_cat?post=5196"},{"taxonomy":"product_tag","embeddable":true,"href":"https:\/\/groupolmedo.com\/wordpress\/wp-json\/wp\/v2\/product_tag?post=5196"}],"curies":[{"name":"wp","href":"https:\/\/api.w.org\/{rel}","templated":true}]}}