{"id":5415,"date":"2023-07-01T17:19:04","date_gmt":"2023-07-01T17:49:04","guid":{"rendered":"https:\/\/groupolmedo.com\/wordpress\/?post_type=product&#038;p=5415"},"modified":"2023-07-18T22:55:37","modified_gmt":"2023-07-19T04:55:37","slug":"valvoline-atf-max-life-galon","status":"publish","type":"product","link":"https:\/\/groupolmedo.com\/wordpress\/shop\/lubricantes\/valvoline-atf-max-life-galon\/","title":{"rendered":"Valvoline ATF Max Life Galon"},"content":{"rendered":"<p>El aceite de transmisi\u00f3n Valvoline MaxLife ATF contiene una mezcla de aceites base superior y un paquete \u00fanico de aditivos para ayudar a extender la vida \u00fatil de las transmisiones con m\u00e1s de 100,000 kil\u00f3metros.<\/p>\n","protected":false},"excerpt":{"rendered":"<p>El aceite de transmisi\u00f3n Valvoline MaxLife ATF contiene una mezcla de aceites base superior y un paquete \u00fanico de aditivos para ayudar a extender la vida \u00fatil de las transmisiones con m\u00e1s de 100,000 kil\u00f3metros.<\/p>\n","protected":false},"featured_media":6347,"template":"","meta":[],"product_cat":[449],"product_tag":[],"_links":{"self":[{"href":"https:\/\/groupolmedo.com\/wordpress\/wp-json\/wp\/v2\/product\/5415"}],"collection":[{"href":"https:\/\/groupolmedo.com\/wordpress\/wp-json\/wp\/v2\/product"}],"about":[{"href":"https:\/\/groupolmedo.com\/wordpress\/wp-json\/wp\/v2\/types\/product"}],"version-history":[{"count":2,"href":"https:\/\/groupolmedo.com\/wordpress\/wp-json\/wp\/v2\/product\/5415\/revisions"}],"predecessor-version":[{"id":6430,"href":"https:\/\/groupolmedo.com\/wordpress\/wp-json\/wp\/v2\/product\/5415\/revisions\/6430"}],"wp:featuredmedia":[{"embeddable":true,"href":"https:\/\/groupolmedo.com\/wordpress\/wp-json\/wp\/v2\/media\/6347"}],"wp:attachment":[{"href":"https:\/\/groupolmedo.com\/wordpress\/wp-json\/wp\/v2\/media?parent=5415"}],"wp:term":[{"taxonomy":"product_cat","embeddable":true,"href":"https:\/\/groupolmedo.com\/wordpress\/wp-json\/wp\/v2\/product_cat?post=5415"},{"taxonomy":"product_tag","embeddable":true,"href":"https:\/\/groupolmedo.com\/wordpress\/wp-json\/wp\/v2\/product_tag?post=5415"}],"curies":[{"name":"wp","href":"https:\/\/api.w.org\/{rel}","templated":true}]}}